{"id":1679,"date":"2019-10-29T21:25:49","date_gmt":"2019-10-29T20:25:49","guid":{"rendered":"https:\/\/klapstudio.com\/?page_id=1679"},"modified":"2025-10-15T11:33:51","modified_gmt":"2025-10-15T17:33:51","slug":"inicio","status":"publish","type":"page","link":"https:\/\/klapstudio.com\/es\/","title":{"rendered":"KLAP STUDIO &#8211; Agencia de Publicidad &#038; Productora Audiovisual"},"content":{"rendered":"<p style=\"text-align: center;\">Somos una agencia de publicidad<br \/>\n&amp; y productora audiovisual<br \/>\nbasada en la Ciudad de Guatemala.<\/p>\n<p style=\"text-align: center;\">Klap Studio hace poderosas estrategias de marca,<br \/>\narquitectura, dise\u00f1o est\u00e9tico innovador y campa\u00f1as<br \/>\ncuidadosamente creadas para clientes alrededor del<br \/>\nmundo a trav\u00e9s de todas las plataformas.<\/p>\n","protected":false},"excerpt":{"rendered":"<p>Somos una agencia de publicidad &amp; y productora audiovisual basada en la Ciudad de Guatemala. Klap Studio hace poderosas estrategias&#8230;<\/p>\n","protected":false},"author":1,"featured_media":6958,"parent":0,"menu_order":1,"comment_status":"closed","ping_status":"closed","template":"page-home.php","meta":{"_acf_changed":false,"inline_featured_image":false,"footnotes":""},"class_list":["post-1679","page","type-page","status-publish","has-post-thumbnail","hentry"],"acf":[],"_links":{"self":[{"href":"https:\/\/klapstudio.com\/es\/wp-json\/wp\/v2\/pages\/1679","targetHints":{"allow":["GET"]}}],"collection":[{"href":"https:\/\/klapstudio.com\/es\/wp-json\/wp\/v2\/pages"}],"about":[{"href":"https:\/\/klapstudio.com\/es\/wp-json\/wp\/v2\/types\/page"}],"author":[{"embeddable":true,"href":"https:\/\/klapstudio.com\/es\/wp-json\/wp\/v2\/users\/1"}],"replies":[{"embeddable":true,"href":"https:\/\/klapstudio.com\/es\/wp-json\/wp\/v2\/comments?post=1679"}],"version-history":[{"count":4,"href":"https:\/\/klapstudio.com\/es\/wp-json\/wp\/v2\/pages\/1679\/revisions"}],"predecessor-version":[{"id":7734,"href":"https:\/\/klapstudio.com\/es\/wp-json\/wp\/v2\/pages\/1679\/revisions\/7734"}],"wp:featuredmedia":[{"embeddable":true,"href":"https:\/\/klapstudio.com\/es\/wp-json\/wp\/v2\/media\/6958"}],"wp:attachment":[{"href":"https:\/\/klapstudio.com\/es\/wp-json\/wp\/v2\/media?parent=1679"}],"curies":[{"name":"wp","href":"https:\/\/api.w.org\/{rel}","templated":true}]}}